{"id":12615,"date":"2025-01-24T13:05:20","date_gmt":"2025-01-24T12:05:20","guid":{"rendered":"https:\/\/tastingspain.socialypsum.com\/politica-de-privacidad\/"},"modified":"2025-02-17T19:15:27","modified_gmt":"2025-02-17T18:15:27","slug":"privacy-policy","status":"publish","type":"page","link":"https:\/\/tastingspain.socialypsum.com\/en\/privacy-policy\/","title":{"rendered":"Privacy Policy"},"content":{"rendered":"\t\t<div data-elementor-type=\"wp-page\" data-elementor-id=\"12615\" class=\"elementor elementor-12615 elementor-10714\">\n\t\t\t\t<div class=\"elementor-element elementor-element-1c03060 e-flex e-con-boxed e-con e-parent\" data-id=\"1c03060\" data-element_type=\"container\" data-e-type=\"container\">\n\t\t\t\t\t<div class=\"e-con-inner\">\n\t\t\t\t\t<\/div>\n\t\t\t\t<\/div>\n\t\t<div class=\"elementor-element elementor-element-8207274 e-flex e-con-boxed e-con e-parent\" data-id=\"8207274\" data-element_type=\"container\" data-e-type=\"container\">\n\t\t\t\t\t<div class=\"e-con-inner\">\n\t\t\t\t<div class=\"elementor-element elementor-element-beaa80b red-title elementor-widget elementor-widget-heading\" data-id=\"beaa80b\" data-element_type=\"widget\" data-e-type=\"widget\" data-widget_type=\"heading.default\">\n\t\t\t\t<div class=\"elementor-widget-container\">\n\t\t\t\t\t<h1 class=\"elementor-heading-title elementor-size-default\">PRIVACY POLICY<\/h1>\t\t\t\t<\/div>\n\t\t\t\t<\/div>\n\t\t\t\t<div class=\"elementor-element elementor-element-8dd02c3 blue-sub-title elementor-widget elementor-widget-heading\" data-id=\"8dd02c3\" data-element_type=\"widget\" data-e-type=\"widget\" data-widget_type=\"heading.default\">\n\t\t\t\t<div class=\"elementor-widget-container\">\n\t\t\t\t\t<h3 class=\"elementor-heading-title elementor-size-default\">GENERAL:<\/h3>\t\t\t\t<\/div>\n\t\t\t\t<\/div>\n\t\t\t\t<div class=\"elementor-element elementor-element-bfdd09b standard-text elementor-widget elementor-widget-text-editor\" data-id=\"bfdd09b\" data-element_type=\"widget\" data-e-type=\"widget\" data-widget_type=\"text-editor.default\">\n\t\t\t\t<div class=\"elementor-widget-container\">\n\t\t\t\t\t\t\t\t\t<p>In accordance with the provisions of Organic Law 15\/1999, of December 13, on the Protection of Personal Data, La Asociaci\u00f3n Saborea Espa\u00f1a informs you that it fully complies with the current legislation on the protection of personal data and with the confidentiality commitments inherent to its activity.<br data-start=\"344\" data-end=\"347\" \/>La Asociaci\u00f3n Saborea Espa\u00f1a notifies users of the existence of automated personal data files, owned by La Asociaci\u00f3n Saborea Espa\u00f1a, for the purposes of management, communication, and information. These files are registered in the General Registry of the Spanish Data Protection Agency, where users can verify their status.<\/p>\t\t\t\t\t\t\t\t<\/div>\n\t\t\t\t<\/div>\n\t\t\t\t<div class=\"elementor-element elementor-element-5ea231d blue-sub-title elementor-widget elementor-widget-heading\" data-id=\"5ea231d\" data-element_type=\"widget\" data-e-type=\"widget\" data-widget_type=\"heading.default\">\n\t\t\t\t<div class=\"elementor-widget-container\">\n\t\t\t\t\t<h3 class=\"elementor-heading-title elementor-size-default\">SECURITY MEASURES AND LEVELS:<\/h3>\t\t\t\t<\/div>\n\t\t\t\t<\/div>\n\t\t\t\t<div class=\"elementor-element elementor-element-b7ea983 elementor-widget elementor-widget-text-editor\" data-id=\"b7ea983\" data-element_type=\"widget\" data-e-type=\"widget\" data-widget_type=\"text-editor.default\">\n\t\t\t\t<div class=\"elementor-widget-container\">\n\t\t\t\t\t\t\t\t\t<p>La Asociaci\u00f3n Saborea Espa\u00f1a has adopted the necessary measures to maintain the required level of security, according to the nature of the personal data processed and the circumstances of its processing, in order to prevent, as far as possible and in accordance with the current state of technology, their alteration, loss, unauthorized processing, or access.<\/p>\t\t\t\t\t\t\t\t<\/div>\n\t\t\t\t<\/div>\n\t\t\t\t<div class=\"elementor-element elementor-element-c242d54 blue-sub-title elementor-widget elementor-widget-heading\" data-id=\"c242d54\" data-element_type=\"widget\" data-e-type=\"widget\" data-widget_type=\"heading.default\">\n\t\t\t\t<div class=\"elementor-widget-container\">\n\t\t\t\t\t<h3 class=\"elementor-heading-title elementor-size-default\">SCOPE OF APPLICATION:<\/h3>\t\t\t\t<\/div>\n\t\t\t\t<\/div>\n\t\t\t\t<div class=\"elementor-element elementor-element-5b7825b elementor-widget elementor-widget-text-editor\" data-id=\"5b7825b\" data-element_type=\"widget\" data-e-type=\"widget\" data-widget_type=\"text-editor.default\">\n\t\t\t\t<div class=\"elementor-widget-container\">\n\t\t\t\t\t\t\t\t\t<p>The structure of files, equipment, and information systems created to comply with the current legislation on data protection applies to all temporary or permanent files owned by La Asociaci\u00f3n Saborea Espa\u00f1a that contain personal data, as well as any equipment or information systems that process them.<br data-start=\"1409\" data-end=\"1412\" \/>All employees of La Asociaci\u00f3n Saborea Espa\u00f1a and its Data Processors are required to comply with this regulation, particularly regarding their functions and obligations, which will be duly determined by La Asociaci\u00f3n Saborea Espa\u00f1a.<\/p>\t\t\t\t\t\t\t\t<\/div>\n\t\t\t\t<\/div>\n\t\t\t\t<div class=\"elementor-element elementor-element-76be4b7 blue-sub-title elementor-widget elementor-widget-heading\" data-id=\"76be4b7\" data-element_type=\"widget\" data-e-type=\"widget\" data-widget_type=\"heading.default\">\n\t\t\t\t<div class=\"elementor-widget-container\">\n\t\t\t\t\t<h3 class=\"elementor-heading-title elementor-size-default\">DATA COLLECTION:<\/h3>\t\t\t\t<\/div>\n\t\t\t\t<\/div>\n\t\t\t\t<div class=\"elementor-element elementor-element-04f7d24 elementor-widget elementor-widget-text-editor\" data-id=\"04f7d24\" data-element_type=\"widget\" data-e-type=\"widget\" data-widget_type=\"text-editor.default\">\n\t\t\t\t<div class=\"elementor-widget-container\">\n\t\t\t\t\t\t\t\t\t<p>Acceptance of these conditions requires the collection of essential data from users for the provision of services, which will be requested personally through forms or via the website. At the time of data collection, users will be duly informed of their rights.<br data-start=\"1935\" data-end=\"1938\" \/>To ensure that the information contained in our files is always up to date and error-free, we ask our clients and users to notify us as soon as possible of any modifications or corrections to their personal data.<\/p>\t\t\t\t\t\t\t\t<\/div>\n\t\t\t\t<\/div>\n\t\t\t\t<div class=\"elementor-element elementor-element-97302c6 blue-sub-title elementor-widget elementor-widget-heading\" data-id=\"97302c6\" data-element_type=\"widget\" data-e-type=\"widget\" data-widget_type=\"heading.default\">\n\t\t\t\t<div class=\"elementor-widget-container\">\n\t\t\t\t\t<h3 class=\"elementor-heading-title elementor-size-default\">EXERCISING RIGHTS:<\/h3>\t\t\t\t<\/div>\n\t\t\t\t<\/div>\n\t\t\t\t<div class=\"elementor-element elementor-element-10d8db5 elementor-widget elementor-widget-text-editor\" data-id=\"10d8db5\" data-element_type=\"widget\" data-e-type=\"widget\" data-widget_type=\"text-editor.default\">\n\t\t\t\t<div class=\"elementor-widget-container\">\n\t\t\t\t\t\t\t\t\t<p>The rights of access, rectification, cancellation, and opposition may be exercised by users or their representatives through a written and signed request addressed to <strong data-start=\"2349\" data-end=\"2381\"><a rel=\"noopener\" data-start=\"2351\" data-end=\"2379\">tastingspain@tastingspain.es<\/a><\/strong>. Other means that allow for user identity verification may also be used to exercise these rights.<\/p>\t\t\t\t\t\t\t\t<\/div>\n\t\t\t\t<\/div>\n\t\t\t\t<div class=\"elementor-element elementor-element-d30923d blue-sub-title elementor-widget elementor-widget-heading\" data-id=\"d30923d\" data-element_type=\"widget\" data-e-type=\"widget\" data-widget_type=\"heading.default\">\n\t\t\t\t<div class=\"elementor-widget-container\">\n\t\t\t\t\t<h3 class=\"elementor-heading-title elementor-size-default\">CONSENT:\n<\/h3>\t\t\t\t<\/div>\n\t\t\t\t<\/div>\n\t\t\t\t<div class=\"elementor-element elementor-element-4a74791 elementor-widget elementor-widget-text-editor\" data-id=\"4a74791\" data-element_type=\"widget\" data-e-type=\"widget\" data-widget_type=\"text-editor.default\">\n\t\t\t\t<div class=\"elementor-widget-container\">\n\t\t\t\t\t\t\t\t\t<p>The user grants consent for La Asociaci\u00f3n Saborea Espa\u00f1a to use their personal data in order to properly fulfill the contracted services.<br data-start=\"2638\" data-end=\"2641\" \/>Filling out the form included on the website or sending emails or other communications to La Asociaci\u00f3n Saborea Espa\u00f1a implies the client\u2019s express consent for the inclusion of their personal data in the aforementioned automated file, owned by La Asociaci\u00f3n Saborea Espa\u00f1a.<br data-start=\"2914\" data-end=\"2917\" \/>At the time of requesting this information, the client or user will be informed of the recipient of the information, the purpose for which the data is being collected, the identity and address of the Data Controller, and the user\u2019s ability to exercise their rights of access, rectification, cancellation, and opposition to the processing of their data.<\/p>\t\t\t\t\t\t\t\t<\/div>\n\t\t\t\t<\/div>\n\t\t\t\t<div class=\"elementor-element elementor-element-26ef613 blue-sub-title elementor-widget elementor-widget-heading\" data-id=\"26ef613\" data-element_type=\"widget\" data-e-type=\"widget\" data-widget_type=\"heading.default\">\n\t\t\t\t<div class=\"elementor-widget-container\">\n\t\t\t\t\t<h3 class=\"elementor-heading-title elementor-size-default\">DISCLOSURE TO THIRD PARTIES:\n<\/h3>\t\t\t\t<\/div>\n\t\t\t\t<\/div>\n\t\t\t\t<div class=\"elementor-element elementor-element-2bc1d52 elementor-widget elementor-widget-text-editor\" data-id=\"2bc1d52\" data-element_type=\"widget\" data-e-type=\"widget\" data-widget_type=\"text-editor.default\">\n\t\t\t\t<div class=\"elementor-widget-container\">\n\t\t\t\t\t\t\t\t\t<p>La Asociaci\u00f3n Saborea Espa\u00f1a does not transfer personal data to third parties without the explicit consent of the data subjects, which must be granted on each occasion. Data will only be disclosed for the stated purpose and always with the user\u2019s or client\u2019s consent.<\/p>\t\t\t\t\t\t\t\t<\/div>\n\t\t\t\t<\/div>\n\t\t\t\t<div class=\"elementor-element elementor-element-309dd44 blue-sub-title elementor-widget elementor-widget-heading\" data-id=\"309dd44\" data-element_type=\"widget\" data-e-type=\"widget\" data-widget_type=\"heading.default\">\n\t\t\t\t<div class=\"elementor-widget-container\">\n\t\t\t\t\t<h3 class=\"elementor-heading-title elementor-size-default\">CONFIDENTIALITY AND PROFESSIONAL SECRECY:\n<\/h3>\t\t\t\t<\/div>\n\t\t\t\t<\/div>\n\t\t\t\t<div class=\"elementor-element elementor-element-f4a905f elementor-widget elementor-widget-text-editor\" data-id=\"f4a905f\" data-element_type=\"widget\" data-e-type=\"widget\" data-widget_type=\"text-editor.default\">\n\t\t\t\t<div class=\"elementor-widget-container\">\n\t\t\t\t\t\t\t\t\t<p>All data collected in private communications between La Asociaci\u00f3n Saborea Espa\u00f1a and clients or users will be treated with absolute confidentiality. La Asociaci\u00f3n Saborea Espa\u00f1a is committed to maintaining the secrecy of personal data, safeguarding them, and taking all necessary measures to prevent their alteration, loss, unauthorized processing, or access, in accordance with the Security Measures Regulation for Automated Files containing personal data.<br data-start=\"4091\" data-end=\"4094\" \/>Additionally, any information exchanged between the parties, information agreed to be confidential, or information related to its content will also be considered confidential. Viewing data via the internet does not imply direct access unless the data subject has expressly authorized it on each occasion.<br data-start=\"4398\" data-end=\"4401\" \/>We recommend that clients do not share their identification, password, or reference numbers provided by La Asociaci\u00f3n Saborea Espa\u00f1a with third parties. Likewise, to ensure the protection of professional secrecy between La Asociaci\u00f3n Saborea Espa\u00f1a and the client, the client\/user should not disclose confidential information to third parties.<\/p>\t\t\t\t\t\t\t\t<\/div>\n\t\t\t\t<\/div>\n\t\t\t\t<div class=\"elementor-element elementor-element-9680ddc blue-sub-title elementor-widget elementor-widget-heading\" data-id=\"9680ddc\" data-element_type=\"widget\" data-e-type=\"widget\" data-widget_type=\"heading.default\">\n\t\t\t\t<div class=\"elementor-widget-container\">\n\t\t\t\t\t<h3 class=\"elementor-heading-title elementor-size-default\">CHANGES TO SECURITY AND DATA PROTECTION POLICY:\n<\/h3>\t\t\t\t<\/div>\n\t\t\t\t<\/div>\n\t\t\t\t<div class=\"elementor-element elementor-element-284f6d8 elementor-widget elementor-widget-text-editor\" data-id=\"284f6d8\" data-element_type=\"widget\" data-e-type=\"widget\" data-widget_type=\"text-editor.default\">\n\t\t\t\t<div class=\"elementor-widget-container\">\n\t\t\t\t\t\t\t\t\t<p>La Asociaci\u00f3n Saborea Espa\u00f1a reserves the right to modify its security and data protection policy to adapt it to legislative or jurisprudential changes, as well as to those that may arise from existing industry-standard codes or strategic corporate decisions. Any modifications will take effect from the date of publication on La Asociaci\u00f3n Saborea Espa\u00f1a\u2019s website.<\/p>\t\t\t\t\t\t\t\t<\/div>\n\t\t\t\t<\/div>\n\t\t\t\t\t<\/div>\n\t\t\t\t<\/div>\n\t\t\t\t<\/div>\n\t\t","protected":false},"excerpt":{"rendered":"<p>PRIVACY POLICY GENERAL: In accordance with the provisions of Organic Law 15\/1999, of December 13, on the Protection of Personal Data, La Asociaci\u00f3n Saborea Espa\u00f1a informs you that it fully complies with the current legislation on the protection of personal data and with the confidentiality commitments inherent to its activity.La Asociaci\u00f3n Saborea Espa\u00f1a notifies users &hellip; <\/p>\n","protected":false},"author":2,"featured_media":11542,"parent":0,"menu_order":0,"comment_status":"closed","ping_status":"closed","template":"home-page.php","meta":{"footnotes":""},"categories":[],"class_list":["post-12615","page","type-page","status-publish","has-post-thumbnail","hentry"],"yoast_head":"<!-- This site is optimized with the Yoast SEO plugin v25.0 - https:\/\/yoast.com\/wordpress\/plugins\/seo\/ -->\n<title>Privacy Policy - Saborea Espa\u00f1a<\/title>\n<meta name=\"robots\" content=\"index, follow, max-snippet:-1, max-image-preview:large, max-video-preview:-1\" \/>\n<link rel=\"canonical\" href=\"https:\/\/tastingspain.socialypsum.com\/en\/privacy-policy\/\" \/>\n<meta property=\"og:locale\" content=\"en_US\" \/>\n<meta property=\"og:type\" content=\"article\" \/>\n<meta property=\"og:title\" content=\"Privacy Policy - Saborea Espa\u00f1a\" \/>\n<meta property=\"og:description\" content=\"PRIVACY POLICY GENERAL: In accordance with the provisions of Organic Law 15\/1999, of December 13, on the Protection of Personal Data, La Asociaci\u00f3n Saborea Espa\u00f1a informs you that it fully complies with the current legislation on the protection of personal data and with the confidentiality commitments inherent to its activity.La Asociaci\u00f3n Saborea Espa\u00f1a notifies users &hellip;\" \/>\n<meta property=\"og:url\" content=\"https:\/\/tastingspain.socialypsum.com\/en\/privacy-policy\/\" \/>\n<meta property=\"og:site_name\" content=\"Saborea Espa\u00f1a\" \/>\n<meta property=\"article:publisher\" content=\"https:\/\/www.facebook.com\/SaboreaEspana\" \/>\n<meta property=\"article:modified_time\" content=\"2025-02-17T18:15:27+00:00\" \/>\n<meta property=\"og:image\" content=\"https:\/\/tastingspain.socialypsum.com\/wp-content\/uploads\/2025\/01\/delicious-fried-potato-balls-or-croquettes-with-sa-2025-01-04-00-53-59-utc-scaled.jpg\" \/>\n\t<meta property=\"og:image:width\" content=\"2560\" \/>\n\t<meta property=\"og:image:height\" content=\"1709\" \/>\n\t<meta property=\"og:image:type\" content=\"image\/jpeg\" \/>\n<meta name=\"twitter:card\" content=\"summary_large_image\" \/>\n<meta name=\"twitter:site\" content=\"@SaboreaEspana\" \/>\n<meta name=\"twitter:label1\" content=\"Est. reading time\" \/>\n\t<meta name=\"twitter:data1\" content=\"4 minutes\" \/>\n<script type=\"application\/ld+json\" class=\"yoast-schema-graph\">{\"@context\":\"https:\/\/schema.org\",\"@graph\":[{\"@type\":\"WebPage\",\"@id\":\"https:\/\/tastingspain.socialypsum.com\/en\/privacy-policy\/\",\"url\":\"https:\/\/tastingspain.socialypsum.com\/en\/privacy-policy\/\",\"name\":\"Privacy Policy - Saborea Espa\u00f1a\",\"isPartOf\":{\"@id\":\"https:\/\/tastingspain.socialypsum.com\/#website\"},\"primaryImageOfPage\":{\"@id\":\"https:\/\/tastingspain.socialypsum.com\/en\/privacy-policy\/#primaryimage\"},\"image\":{\"@id\":\"https:\/\/tastingspain.socialypsum.com\/en\/privacy-policy\/#primaryimage\"},\"thumbnailUrl\":\"https:\/\/tastingspain.socialypsum.com\/wp-content\/uploads\/2025\/01\/delicious-fried-potato-balls-or-croquettes-with-sa-2025-01-04-00-53-59-utc-scaled.jpg\",\"datePublished\":\"2025-01-24T12:05:20+00:00\",\"dateModified\":\"2025-02-17T18:15:27+00:00\",\"breadcrumb\":{\"@id\":\"https:\/\/tastingspain.socialypsum.com\/en\/privacy-policy\/#breadcrumb\"},\"inLanguage\":\"en-US\",\"potentialAction\":[{\"@type\":\"ReadAction\",\"target\":[\"https:\/\/tastingspain.socialypsum.com\/en\/privacy-policy\/\"]}]},{\"@type\":\"ImageObject\",\"inLanguage\":\"en-US\",\"@id\":\"https:\/\/tastingspain.socialypsum.com\/en\/privacy-policy\/#primaryimage\",\"url\":\"https:\/\/tastingspain.socialypsum.com\/wp-content\/uploads\/2025\/01\/delicious-fried-potato-balls-or-croquettes-with-sa-2025-01-04-00-53-59-utc-scaled.jpg\",\"contentUrl\":\"https:\/\/tastingspain.socialypsum.com\/wp-content\/uploads\/2025\/01\/delicious-fried-potato-balls-or-croquettes-with-sa-2025-01-04-00-53-59-utc-scaled.jpg\",\"width\":2560,\"height\":1709,\"caption\":\"Delicious fried potato balls or croquettes with salt, spices and herbs on a dark concrete background\"},{\"@type\":\"BreadcrumbList\",\"@id\":\"https:\/\/tastingspain.socialypsum.com\/en\/privacy-policy\/#breadcrumb\",\"itemListElement\":[{\"@type\":\"ListItem\",\"position\":1,\"name\":\"Portada\",\"item\":\"https:\/\/tastingspain.socialypsum.com\/en\/inicio\/\"},{\"@type\":\"ListItem\",\"position\":2,\"name\":\"Privacy Policy\"}]},{\"@type\":\"WebSite\",\"@id\":\"https:\/\/tastingspain.socialypsum.com\/#website\",\"url\":\"https:\/\/tastingspain.socialypsum.com\/\",\"name\":\"Saborea Espa\u00f1a\",\"description\":\"Saborea Espa\u00f1a es la marca del turismo gastron\u00f3mico espa\u00f1ol. Se trata de la primera plataforma nacional con vocaci\u00f3n internacional que potencia el turismo y la gastronom\u00eda de nuestro pa\u00eds.\",\"publisher\":{\"@id\":\"https:\/\/tastingspain.socialypsum.com\/#organization\"},\"alternateName\":\"Tasting Spain\",\"potentialAction\":[{\"@type\":\"SearchAction\",\"target\":{\"@type\":\"EntryPoint\",\"urlTemplate\":\"https:\/\/tastingspain.socialypsum.com\/?s={search_term_string}\"},\"query-input\":{\"@type\":\"PropertyValueSpecification\",\"valueRequired\":true,\"valueName\":\"search_term_string\"}}],\"inLanguage\":\"en-US\"},{\"@type\":\"Organization\",\"@id\":\"https:\/\/tastingspain.socialypsum.com\/#organization\",\"name\":\"Saborea Espa\u00f1a\",\"url\":\"https:\/\/tastingspain.socialypsum.com\/\",\"logo\":{\"@type\":\"ImageObject\",\"inLanguage\":\"en-US\",\"@id\":\"https:\/\/tastingspain.socialypsum.com\/#\/schema\/logo\/image\/\",\"url\":\"https:\/\/tastingspain.socialypsum.com\/wp-content\/uploads\/2025\/01\/cropped-saborea-espana-logo.png\",\"contentUrl\":\"https:\/\/tastingspain.socialypsum.com\/wp-content\/uploads\/2025\/01\/cropped-saborea-espana-logo.png\",\"width\":222,\"height\":106,\"caption\":\"Saborea Espa\u00f1a\"},\"image\":{\"@id\":\"https:\/\/tastingspain.socialypsum.com\/#\/schema\/logo\/image\/\"},\"sameAs\":[\"https:\/\/www.facebook.com\/SaboreaEspana\",\"https:\/\/x.com\/SaboreaEspana\",\"https:\/\/www.instagram.com\/tastingspain\/\",\"https:\/\/www.youtube.com\/@soytastingspain\",\"https:\/\/www.linkedin.com\/company\/tastingspain\",\"https:\/\/www.tiktok.com\/@tastingspain\"]}]}<\/script>\n<!-- \/ Yoast SEO plugin. -->","yoast_head_json":{"title":"Privacy Policy - Saborea Espa\u00f1a","robots":{"index":"index","follow":"follow","max-snippet":"max-snippet:-1","max-image-preview":"max-image-preview:large","max-video-preview":"max-video-preview:-1"},"canonical":"https:\/\/tastingspain.socialypsum.com\/en\/privacy-policy\/","og_locale":"en_US","og_type":"article","og_title":"Privacy Policy - Saborea Espa\u00f1a","og_description":"PRIVACY POLICY GENERAL: In accordance with the provisions of Organic Law 15\/1999, of December 13, on the Protection of Personal Data, La Asociaci\u00f3n Saborea Espa\u00f1a informs you that it fully complies with the current legislation on the protection of personal data and with the confidentiality commitments inherent to its activity.La Asociaci\u00f3n Saborea Espa\u00f1a notifies users &hellip;","og_url":"https:\/\/tastingspain.socialypsum.com\/en\/privacy-policy\/","og_site_name":"Saborea Espa\u00f1a","article_publisher":"https:\/\/www.facebook.com\/SaboreaEspana","article_modified_time":"2025-02-17T18:15:27+00:00","og_image":[{"width":2560,"height":1709,"url":"https:\/\/tastingspain.socialypsum.com\/wp-content\/uploads\/2025\/01\/delicious-fried-potato-balls-or-croquettes-with-sa-2025-01-04-00-53-59-utc-scaled.jpg","type":"image\/jpeg"}],"twitter_card":"summary_large_image","twitter_site":"@SaboreaEspana","twitter_misc":{"Est. reading time":"4 minutes"},"schema":{"@context":"https:\/\/schema.org","@graph":[{"@type":"WebPage","@id":"https:\/\/tastingspain.socialypsum.com\/en\/privacy-policy\/","url":"https:\/\/tastingspain.socialypsum.com\/en\/privacy-policy\/","name":"Privacy Policy - Saborea Espa\u00f1a","isPartOf":{"@id":"https:\/\/tastingspain.socialypsum.com\/#website"},"primaryImageOfPage":{"@id":"https:\/\/tastingspain.socialypsum.com\/en\/privacy-policy\/#primaryimage"},"image":{"@id":"https:\/\/tastingspain.socialypsum.com\/en\/privacy-policy\/#primaryimage"},"thumbnailUrl":"https:\/\/tastingspain.socialypsum.com\/wp-content\/uploads\/2025\/01\/delicious-fried-potato-balls-or-croquettes-with-sa-2025-01-04-00-53-59-utc-scaled.jpg","datePublished":"2025-01-24T12:05:20+00:00","dateModified":"2025-02-17T18:15:27+00:00","breadcrumb":{"@id":"https:\/\/tastingspain.socialypsum.com\/en\/privacy-policy\/#breadcrumb"},"inLanguage":"en-US","potentialAction":[{"@type":"ReadAction","target":["https:\/\/tastingspain.socialypsum.com\/en\/privacy-policy\/"]}]},{"@type":"ImageObject","inLanguage":"en-US","@id":"https:\/\/tastingspain.socialypsum.com\/en\/privacy-policy\/#primaryimage","url":"https:\/\/tastingspain.socialypsum.com\/wp-content\/uploads\/2025\/01\/delicious-fried-potato-balls-or-croquettes-with-sa-2025-01-04-00-53-59-utc-scaled.jpg","contentUrl":"https:\/\/tastingspain.socialypsum.com\/wp-content\/uploads\/2025\/01\/delicious-fried-potato-balls-or-croquettes-with-sa-2025-01-04-00-53-59-utc-scaled.jpg","width":2560,"height":1709,"caption":"Delicious fried potato balls or croquettes with salt, spices and herbs on a dark concrete background"},{"@type":"BreadcrumbList","@id":"https:\/\/tastingspain.socialypsum.com\/en\/privacy-policy\/#breadcrumb","itemListElement":[{"@type":"ListItem","position":1,"name":"Portada","item":"https:\/\/tastingspain.socialypsum.com\/en\/inicio\/"},{"@type":"ListItem","position":2,"name":"Privacy Policy"}]},{"@type":"WebSite","@id":"https:\/\/tastingspain.socialypsum.com\/#website","url":"https:\/\/tastingspain.socialypsum.com\/","name":"Saborea Espa\u00f1a","description":"Saborea Espa\u00f1a es la marca del turismo gastron\u00f3mico espa\u00f1ol. Se trata de la primera plataforma nacional con vocaci\u00f3n internacional que potencia el turismo y la gastronom\u00eda de nuestro pa\u00eds.","publisher":{"@id":"https:\/\/tastingspain.socialypsum.com\/#organization"},"alternateName":"Tasting Spain","potentialAction":[{"@type":"SearchAction","target":{"@type":"EntryPoint","urlTemplate":"https:\/\/tastingspain.socialypsum.com\/?s={search_term_string}"},"query-input":{"@type":"PropertyValueSpecification","valueRequired":true,"valueName":"search_term_string"}}],"inLanguage":"en-US"},{"@type":"Organization","@id":"https:\/\/tastingspain.socialypsum.com\/#organization","name":"Saborea Espa\u00f1a","url":"https:\/\/tastingspain.socialypsum.com\/","logo":{"@type":"ImageObject","inLanguage":"en-US","@id":"https:\/\/tastingspain.socialypsum.com\/#\/schema\/logo\/image\/","url":"https:\/\/tastingspain.socialypsum.com\/wp-content\/uploads\/2025\/01\/cropped-saborea-espana-logo.png","contentUrl":"https:\/\/tastingspain.socialypsum.com\/wp-content\/uploads\/2025\/01\/cropped-saborea-espana-logo.png","width":222,"height":106,"caption":"Saborea Espa\u00f1a"},"image":{"@id":"https:\/\/tastingspain.socialypsum.com\/#\/schema\/logo\/image\/"},"sameAs":["https:\/\/www.facebook.com\/SaboreaEspana","https:\/\/x.com\/SaboreaEspana","https:\/\/www.instagram.com\/tastingspain\/","https:\/\/www.youtube.com\/@soytastingspain","https:\/\/www.linkedin.com\/company\/tastingspain","https:\/\/www.tiktok.com\/@tastingspain"]}]}},"_links":{"self":[{"href":"https:\/\/tastingspain.socialypsum.com\/en\/wp-json\/wp\/v2\/pages\/12615","targetHints":{"allow":["GET"]}}],"collection":[{"href":"https:\/\/tastingspain.socialypsum.com\/en\/wp-json\/wp\/v2\/pages"}],"about":[{"href":"https:\/\/tastingspain.socialypsum.com\/en\/wp-json\/wp\/v2\/types\/page"}],"author":[{"embeddable":true,"href":"https:\/\/tastingspain.socialypsum.com\/en\/wp-json\/wp\/v2\/users\/2"}],"replies":[{"embeddable":true,"href":"https:\/\/tastingspain.socialypsum.com\/en\/wp-json\/wp\/v2\/comments?post=12615"}],"version-history":[{"count":4,"href":"https:\/\/tastingspain.socialypsum.com\/en\/wp-json\/wp\/v2\/pages\/12615\/revisions"}],"predecessor-version":[{"id":12649,"href":"https:\/\/tastingspain.socialypsum.com\/en\/wp-json\/wp\/v2\/pages\/12615\/revisions\/12649"}],"wp:featuredmedia":[{"embeddable":true,"href":"https:\/\/tastingspain.socialypsum.com\/en\/wp-json\/wp\/v2\/media\/11542"}],"wp:attachment":[{"href":"https:\/\/tastingspain.socialypsum.com\/en\/wp-json\/wp\/v2\/media?parent=12615"}],"wp:term":[{"taxonomy":"category","embeddable":true,"href":"https:\/\/tastingspain.socialypsum.com\/en\/wp-json\/wp\/v2\/categories?post=12615"}],"curies":[{"name":"wp","href":"https:\/\/api.w.org\/{rel}","templated":true}]}}