{"id":12456,"date":"2025-01-24T13:16:23","date_gmt":"2025-01-24T12:16:23","guid":{"rendered":"https:\/\/tastingspain.socialypsum.com\/contacto\/"},"modified":"2025-05-08T12:35:49","modified_gmt":"2025-05-08T10:35:49","slug":"contact","status":"publish","type":"page","link":"https:\/\/tastingspain.socialypsum.com\/en\/contact\/","title":{"rendered":"Contact"},"content":{"rendered":"\t\t<div data-elementor-type=\"wp-page\" data-elementor-id=\"12456\" class=\"elementor elementor-12456 elementor-10725\">\n\t\t\t\t<div class=\"elementor-element elementor-element-a9358f7 e-flex e-con-boxed e-con e-parent\" data-id=\"a9358f7\" data-element_type=\"container\" data-e-type=\"container\">\n\t\t\t\t\t<div class=\"e-con-inner\">\n\t\t\t\t\t<\/div>\n\t\t\t\t<\/div>\n\t\t<div class=\"elementor-element elementor-element-29d8bad e-flex e-con-boxed e-con e-parent\" data-id=\"29d8bad\" data-element_type=\"container\" data-e-type=\"container\">\n\t\t\t\t\t<div class=\"e-con-inner\">\n\t\t\t\t<div class=\"elementor-element elementor-element-655ef79 elementor-widget elementor-widget-html\" data-id=\"655ef79\" data-element_type=\"widget\" data-e-type=\"widget\" data-widget_type=\"html.default\">\n\t\t\t\t<div class=\"elementor-widget-container\">\n\t\t\t\t\t<iframe src=\"https:\/\/www.google.com\/maps\/embed?pb=!1m18!1m12!1m3!1d24293.507128848963!2d-3.7304950196464803!3d40.437898396048205!2m3!1f0!2f0!3f0!3m2!1i1024!2i768!4f13.1!3m3!1m2!1s0xd42286ba8a6c577%3A0x4d57a6152d6ecb4!2s2%C2%BA%2C%20C.%20de%20Ferraz%2C%2078%2C%20Moncloa%20-%20Aravaca%2C%2028008%20Madrid!5e0!3m2!1sca!2ses!4v1745511351512!5m2!1sca!2ses\" width=\"600\" height=\"450\" style=\"border:0;\" allowfullscreen=\"\" loading=\"lazy\" referrerpolicy=\"no-referrer-when-downgrade\"><\/iframe>\t\t\t\t<\/div>\n\t\t\t\t<\/div>\n\t\t\t\t\t<\/div>\n\t\t\t\t<\/div>\n\t\t<div class=\"elementor-element elementor-element-af4b4a6 ubi-section e-flex e-con-boxed e-con e-parent\" data-id=\"af4b4a6\" data-element_type=\"container\" data-e-type=\"container\">\n\t\t\t\t\t<div class=\"e-con-inner\">\n\t\t<div class=\"elementor-element elementor-element-4f21069 e-con-full e-flex e-con e-child\" data-id=\"4f21069\" data-element_type=\"container\" data-e-type=\"container\">\n\t\t\t\t<div class=\"elementor-element elementor-element-50b8e3c elementor-widget elementor-widget-image\" data-id=\"50b8e3c\" data-element_type=\"widget\" data-e-type=\"widget\" data-widget_type=\"image.default\">\n\t\t\t\t<div class=\"elementor-widget-container\">\n\t\t\t\t\t\t\t\t\t\t\t\t\t\t\t<img width=\"222\" height=\"106\" class=\"attachment-large size-large wp-image-11485 lazy\" alt=\"\" data-src=\"https:\/\/tastingspain.socialypsum.com\/wp-content\/uploads\/2025\/01\/saborea-espana-logo.png\" data-lazy=\"https:\/\/tastingspain.socialypsum.com\/wp-content\/uploads\/2025\/01\/saborea-espana-logo.png\" \/>\t\t\t\t\t\t\t\t\t\t\t\t\t\t\t<\/div>\n\t\t\t\t<\/div>\n\t\t\t\t<\/div>\n\t\t<div class=\"elementor-element elementor-element-8f6a2f9 e-con-full no-gap-flex e-flex e-con e-child\" data-id=\"8f6a2f9\" data-element_type=\"container\" data-e-type=\"container\">\n\t\t\t\t<div class=\"elementor-element elementor-element-9a7d6db grey-sub-title elementor-widget elementor-widget-heading\" data-id=\"9a7d6db\" data-element_type=\"widget\" data-e-type=\"widget\" data-widget_type=\"heading.default\">\n\t\t\t\t<div class=\"elementor-widget-container\">\n\t\t\t\t\t<p class=\"elementor-heading-title elementor-size-default\">SABOREA ESPA\u00d1A<\/p>\t\t\t\t<\/div>\n\t\t\t\t<\/div>\n\t\t\t\t<div class=\"elementor-element elementor-element-7e46dd5 elementor-widget elementor-widget-text-editor\" data-id=\"7e46dd5\" data-element_type=\"widget\" data-e-type=\"widget\" data-widget_type=\"text-editor.default\">\n\t\t\t\t<div class=\"elementor-widget-container\">\n\t\t\t\t\t\t\t\t\t<p>C\/ Ferraz, 78 &#8211; 3\u00ba Izda.<br \/>28008 \u2013 Madrid<\/p><p>0034 91 352 91 56<br \/>www.tastingspain.es<br \/>tastingspain@tastingspain.es<\/p>\t\t\t\t\t\t\t\t<\/div>\n\t\t\t\t<\/div>\n\t\t\t\t<\/div>\n\t\t\t\t\t<\/div>\n\t\t\t\t<\/div>\n\t\t<div class=\"elementor-element elementor-element-801b906 job-columns e-flex e-con-boxed e-con e-parent\" data-id=\"801b906\" data-element_type=\"container\" data-e-type=\"container\">\n\t\t\t\t\t<div class=\"e-con-inner\">\n\t\t<div class=\"elementor-element elementor-element-36e8a51 e-con-full e-flex e-con e-child\" data-id=\"36e8a51\" data-element_type=\"container\" data-e-type=\"container\">\n\t\t\t\t<div class=\"elementor-element elementor-element-be56aa1 red-title elementor-widget elementor-widget-heading\" data-id=\"be56aa1\" data-element_type=\"widget\" data-e-type=\"widget\" data-widget_type=\"heading.default\">\n\t\t\t\t<div class=\"elementor-widget-container\">\n\t\t\t\t\t<h2 class=\"elementor-heading-title elementor-size-default\">DO YOU WANT TO BE PART OF TASTING SPAIN?<\/h2>\t\t\t\t<\/div>\n\t\t\t\t<\/div>\n\t\t\t\t<\/div>\n\t\t\t\t\t<\/div>\n\t\t\t\t<\/div>\n\t\t<div class=\"elementor-element elementor-element-ce30288 contact-form-section e-flex e-con-boxed e-con e-parent\" data-id=\"ce30288\" data-element_type=\"container\" data-e-type=\"container\" data-settings=\"{&quot;background_background&quot;:&quot;classic&quot;}\">\n\t\t\t\t\t<div class=\"e-con-inner\">\n\t\t\t\t<div class=\"elementor-element elementor-element-6277f93 elementor-widget__width-initial contact-form-se elementor-widget elementor-widget-contact_form7\" data-id=\"6277f93\" data-element_type=\"widget\" data-e-type=\"widget\" data-widget_type=\"contact_form7.default\">\n\t\t\t\t<div class=\"elementor-widget-container\">\n\t\t\t\t\t        <div class=\"contact-form7\">\n<div class=\"wpcf7 no-js\" id=\"wpcf7-f14312-o1\" lang=\"es-ES\" dir=\"ltr\" data-wpcf7-id=\"14312\">\n<div class=\"screen-reader-response\"><p role=\"status\" aria-live=\"polite\" aria-atomic=\"true\"><\/p> <ul><\/ul><\/div>\n<form action=\"\/en\/wp-json\/wp\/v2\/pages\/12456#wpcf7-f14312-o1\" method=\"post\" class=\"wpcf7-form init\" aria-label=\"Formulario de contacto\" novalidate=\"novalidate\" data-status=\"init\">\n<div style=\"display: none;\">\n<input type=\"hidden\" name=\"_wpcf7\" value=\"14312\" \/>\n<input type=\"hidden\" name=\"_wpcf7_version\" value=\"6.0.6\" \/>\n<input type=\"hidden\" name=\"_wpcf7_locale\" value=\"es_ES\" \/>\n<input type=\"hidden\" name=\"_wpcf7_unit_tag\" value=\"wpcf7-f14312-o1\" \/>\n<input type=\"hidden\" name=\"_wpcf7_container_post\" value=\"0\" \/>\n<input type=\"hidden\" name=\"_wpcf7_posted_data_hash\" value=\"\" \/>\n<input type=\"hidden\" name=\"_wpcf7_recaptcha_response\" value=\"\" \/>\n<\/div>\n<p>If you are interested in having your destination join <b>Tasting Spain<\/b>, please complete the following form and our team will get in touch with you. Remember that only municipalities and island councils can be part of Tasting Spain.\n<\/p>\n<p>Thank you for wanting to be part of Tasting Spain!\n<\/p>\n<h3>What type of profile are you?*\n<\/h3>\n<p><span class=\"wpcf7-form-control-wrap\" data-name=\"tipo-perfil\"><span class=\"wpcf7-form-control wpcf7-radio\"><span class=\"wpcf7-list-item first\"><label><input type=\"radio\" name=\"tipo-perfil\" value=\"Municipality\" \/><span class=\"wpcf7-list-item-label\">Municipality<\/span><\/label><\/span><span class=\"wpcf7-list-item last\"><label><input type=\"radio\" name=\"tipo-perfil\" value=\"Island Council\" \/><span class=\"wpcf7-list-item-label\">Island Council<\/span><\/label><\/span><\/span><\/span>\n<\/p>\n<h3>Contact information\n<\/h3>\n<p><label>Official name \/ First and last name*<br \/>\n<span class=\"wpcf7-form-control-wrap\" data-name=\"nombre-oficial\"><input size=\"40\" maxlength=\"400\" class=\"wpcf7-form-control wpcf7-text wpcf7-validates-as-required\" aria-required=\"true\" aria-invalid=\"false\" value=\"\" type=\"text\" name=\"nombre-oficial\" \/><\/span><\/label>\n<\/p>\n<p><label>City*<br \/>\n<span class=\"wpcf7-form-control-wrap\" data-name=\"ciudad\"><input size=\"40\" maxlength=\"400\" class=\"wpcf7-form-control wpcf7-text wpcf7-validates-as-required\" aria-required=\"true\" aria-invalid=\"false\" value=\"\" type=\"text\" name=\"ciudad\" \/><\/span><\/label>\n<\/p>\n<p><label>Province*<br \/>\n<span class=\"wpcf7-form-control-wrap\" data-name=\"provincia\"><input size=\"40\" maxlength=\"400\" class=\"wpcf7-form-control wpcf7-text wpcf7-validates-as-required\" aria-required=\"true\" aria-invalid=\"false\" value=\"\" type=\"text\" name=\"provincia\" \/><\/span><\/label>\n<\/p>\n<p><label>Full address*<br \/>\n<span class=\"wpcf7-form-control-wrap\" data-name=\"direccion-completa\"><input size=\"40\" maxlength=\"400\" class=\"wpcf7-form-control wpcf7-text wpcf7-validates-as-required\" aria-required=\"true\" aria-invalid=\"false\" value=\"\" type=\"text\" name=\"direccion-completa\" \/><\/span><\/label>\n<\/p>\n<p><label>Postal code*<br \/>\n<span class=\"wpcf7-form-control-wrap\" data-name=\"codigo-postal\"><input size=\"40\" maxlength=\"400\" class=\"wpcf7-form-control wpcf7-text wpcf7-validates-as-required\" aria-required=\"true\" aria-invalid=\"false\" value=\"\" type=\"text\" name=\"codigo-postal\" \/><\/span><\/label>\n<\/p>\n<p><label>Email*<br \/>\n<span class=\"wpcf7-form-control-wrap\" data-name=\"correo\"><input size=\"40\" maxlength=\"400\" class=\"wpcf7-form-control wpcf7-email wpcf7-validates-as-required wpcf7-text wpcf7-validates-as-email\" aria-required=\"true\" aria-invalid=\"false\" value=\"\" type=\"email\" name=\"correo\" \/><\/span><\/label>\n<\/p>\n<p><label>Phone*<br \/>\n<span class=\"wpcf7-form-control-wrap\" data-name=\"telefono\"><input size=\"40\" maxlength=\"400\" class=\"wpcf7-form-control wpcf7-tel wpcf7-validates-as-required wpcf7-text wpcf7-validates-as-tel\" aria-required=\"true\" aria-invalid=\"false\" value=\"\" type=\"tel\" name=\"telefono\" \/><\/span><\/label>\n<\/p>\n<p><label><span class=\"wpcf7-form-control-wrap\" data-name=\"terminos-consentimiento\"><span class=\"wpcf7-form-control wpcf7-acceptance\"><span class=\"wpcf7-list-item\"><input type=\"checkbox\" name=\"terminos-consentimiento\" value=\"1\" aria-invalid=\"false\" \/><\/span><\/span><\/span> I have read and accept the <a href=\"https:\/\/tastingspain.socialypsum.com\/politica-de-privacidad\/\" target=\"_blank\">privacy policy<\/a>*<\/label>\n<\/p>\n<p><input class=\"wpcf7-form-control wpcf7-submit has-spinner\" type=\"submit\" value=\"Send\" \/>\n<\/p><div class=\"wpcf7-response-output\" aria-hidden=\"true\"><\/div>\n<\/form>\n<\/div>\n<\/div>\r\n        \t\t\t\t<\/div>\n\t\t\t\t<\/div>\n\t\t\t\t\t<\/div>\n\t\t\t\t<\/div>\n\t\t\t\t<\/div>\n\t\t","protected":false},"excerpt":{"rendered":"<p>SABOREA ESPA\u00d1A C\/ Ferraz, 78 &#8211; 3\u00ba Izda.28008 \u2013 Madrid 0034 91 352 91 56www.tastingspain.estastingspain@tastingspain.es DO YOU WANT TO BE PART OF TASTING SPAIN? If you are interested in having your destination join Saborea Espa\u00f1a, please complete the following form and our team will get in touch with you. Remember that only municipalities and island &hellip; <\/p>\n","protected":false},"author":2,"featured_media":12500,"parent":0,"menu_order":0,"comment_status":"closed","ping_status":"closed","template":"home-page.php","meta":{"footnotes":""},"class_list":["post-12456","page","type-page","status-publish","has-post-thumbnail","hentry"],"yoast_head":"<!-- This site is optimized with the Yoast SEO plugin v25.0 - https:\/\/yoast.com\/wordpress\/plugins\/seo\/ -->\n<title>Contact - Saborea Espa\u00f1a<\/title>\n<meta name=\"robots\" content=\"index, follow, max-snippet:-1, max-image-preview:large, max-video-preview:-1\" \/>\n<link rel=\"canonical\" href=\"https:\/\/tastingspain.socialypsum.com\/en\/contact\/\" \/>\n<meta property=\"og:locale\" content=\"en_US\" \/>\n<meta property=\"og:type\" content=\"article\" \/>\n<meta property=\"og:title\" content=\"Contact - Saborea Espa\u00f1a\" \/>\n<meta property=\"og:description\" content=\"SABOREA ESPA\u00d1A C\/ Ferraz, 78 &#8211; 3\u00ba Izda.28008 \u2013 Madrid 0034 91 352 91 56www.tastingspain.estastingspain@tastingspain.es DO YOU WANT TO BE PART OF TASTING SPAIN? If you are interested in having your destination join Saborea Espa\u00f1a, please complete the following form and our team will get in touch with you. Remember that only municipalities and island &hellip;\" \/>\n<meta property=\"og:url\" content=\"https:\/\/tastingspain.socialypsum.com\/en\/contact\/\" \/>\n<meta property=\"og:site_name\" content=\"Saborea Espa\u00f1a\" \/>\n<meta property=\"article:publisher\" content=\"https:\/\/www.facebook.com\/SaboreaEspana\" \/>\n<meta property=\"article:modified_time\" content=\"2025-05-08T10:35:49+00:00\" \/>\n<meta property=\"og:image\" content=\"https:\/\/tastingspain.socialypsum.com\/wp-content\/uploads\/2025\/02\/Excelencia-en-la-mesa.webp\" \/>\n\t<meta property=\"og:image:width\" content=\"1000\" \/>\n\t<meta property=\"og:image:height\" content=\"757\" \/>\n\t<meta property=\"og:image:type\" content=\"image\/webp\" \/>\n<meta name=\"twitter:card\" content=\"summary_large_image\" \/>\n<meta name=\"twitter:site\" content=\"@SaboreaEspana\" \/>\n<meta name=\"twitter:label1\" content=\"Est. reading time\" \/>\n\t<meta name=\"twitter:data1\" content=\"1 minute\" \/>\n<script type=\"application\/ld+json\" class=\"yoast-schema-graph\">{\"@context\":\"https:\/\/schema.org\",\"@graph\":[{\"@type\":\"WebPage\",\"@id\":\"https:\/\/tastingspain.socialypsum.com\/en\/contact\/\",\"url\":\"https:\/\/tastingspain.socialypsum.com\/en\/contact\/\",\"name\":\"Contact - Saborea Espa\u00f1a\",\"isPartOf\":{\"@id\":\"https:\/\/tastingspain.socialypsum.com\/#website\"},\"primaryImageOfPage\":{\"@id\":\"https:\/\/tastingspain.socialypsum.com\/en\/contact\/#primaryimage\"},\"image\":{\"@id\":\"https:\/\/tastingspain.socialypsum.com\/en\/contact\/#primaryimage\"},\"thumbnailUrl\":\"https:\/\/tastingspain.socialypsum.com\/wp-content\/uploads\/2025\/02\/Excelencia-en-la-mesa.webp\",\"datePublished\":\"2025-01-24T12:16:23+00:00\",\"dateModified\":\"2025-05-08T10:35:49+00:00\",\"breadcrumb\":{\"@id\":\"https:\/\/tastingspain.socialypsum.com\/en\/contact\/#breadcrumb\"},\"inLanguage\":\"en-US\",\"potentialAction\":[{\"@type\":\"ReadAction\",\"target\":[\"https:\/\/tastingspain.socialypsum.com\/en\/contact\/\"]}]},{\"@type\":\"ImageObject\",\"inLanguage\":\"en-US\",\"@id\":\"https:\/\/tastingspain.socialypsum.com\/en\/contact\/#primaryimage\",\"url\":\"https:\/\/tastingspain.socialypsum.com\/wp-content\/uploads\/2025\/02\/Excelencia-en-la-mesa.webp\",\"contentUrl\":\"https:\/\/tastingspain.socialypsum.com\/wp-content\/uploads\/2025\/02\/Excelencia-en-la-mesa.webp\",\"width\":1000,\"height\":757},{\"@type\":\"BreadcrumbList\",\"@id\":\"https:\/\/tastingspain.socialypsum.com\/en\/contact\/#breadcrumb\",\"itemListElement\":[{\"@type\":\"ListItem\",\"position\":1,\"name\":\"Portada\",\"item\":\"https:\/\/tastingspain.socialypsum.com\/en\/inicio\/\"},{\"@type\":\"ListItem\",\"position\":2,\"name\":\"Contact\"}]},{\"@type\":\"WebSite\",\"@id\":\"https:\/\/tastingspain.socialypsum.com\/#website\",\"url\":\"https:\/\/tastingspain.socialypsum.com\/\",\"name\":\"Saborea Espa\u00f1a\",\"description\":\"Saborea Espa\u00f1a es la marca del turismo gastron\u00f3mico espa\u00f1ol. Se trata de la primera plataforma nacional con vocaci\u00f3n internacional que potencia el turismo y la gastronom\u00eda de nuestro pa\u00eds.\",\"publisher\":{\"@id\":\"https:\/\/tastingspain.socialypsum.com\/#organization\"},\"alternateName\":\"Tasting Spain\",\"potentialAction\":[{\"@type\":\"SearchAction\",\"target\":{\"@type\":\"EntryPoint\",\"urlTemplate\":\"https:\/\/tastingspain.socialypsum.com\/?s={search_term_string}\"},\"query-input\":{\"@type\":\"PropertyValueSpecification\",\"valueRequired\":true,\"valueName\":\"search_term_string\"}}],\"inLanguage\":\"en-US\"},{\"@type\":\"Organization\",\"@id\":\"https:\/\/tastingspain.socialypsum.com\/#organization\",\"name\":\"Saborea Espa\u00f1a\",\"url\":\"https:\/\/tastingspain.socialypsum.com\/\",\"logo\":{\"@type\":\"ImageObject\",\"inLanguage\":\"en-US\",\"@id\":\"https:\/\/tastingspain.socialypsum.com\/#\/schema\/logo\/image\/\",\"url\":\"https:\/\/tastingspain.socialypsum.com\/wp-content\/uploads\/2025\/01\/cropped-saborea-espana-logo.png\",\"contentUrl\":\"https:\/\/tastingspain.socialypsum.com\/wp-content\/uploads\/2025\/01\/cropped-saborea-espana-logo.png\",\"width\":222,\"height\":106,\"caption\":\"Saborea Espa\u00f1a\"},\"image\":{\"@id\":\"https:\/\/tastingspain.socialypsum.com\/#\/schema\/logo\/image\/\"},\"sameAs\":[\"https:\/\/www.facebook.com\/SaboreaEspana\",\"https:\/\/x.com\/SaboreaEspana\",\"https:\/\/www.instagram.com\/tastingspain\/\",\"https:\/\/www.youtube.com\/@soytastingspain\",\"https:\/\/www.linkedin.com\/company\/tastingspain\",\"https:\/\/www.tiktok.com\/@tastingspain\"]}]}<\/script>\n<!-- \/ Yoast SEO plugin. -->","yoast_head_json":{"title":"Contact - Saborea Espa\u00f1a","robots":{"index":"index","follow":"follow","max-snippet":"max-snippet:-1","max-image-preview":"max-image-preview:large","max-video-preview":"max-video-preview:-1"},"canonical":"https:\/\/tastingspain.socialypsum.com\/en\/contact\/","og_locale":"en_US","og_type":"article","og_title":"Contact - Saborea Espa\u00f1a","og_description":"SABOREA ESPA\u00d1A C\/ Ferraz, 78 &#8211; 3\u00ba Izda.28008 \u2013 Madrid 0034 91 352 91 56www.tastingspain.estastingspain@tastingspain.es DO YOU WANT TO BE PART OF TASTING SPAIN? If you are interested in having your destination join Saborea Espa\u00f1a, please complete the following form and our team will get in touch with you. Remember that only municipalities and island &hellip;","og_url":"https:\/\/tastingspain.socialypsum.com\/en\/contact\/","og_site_name":"Saborea Espa\u00f1a","article_publisher":"https:\/\/www.facebook.com\/SaboreaEspana","article_modified_time":"2025-05-08T10:35:49+00:00","og_image":[{"width":1000,"height":757,"url":"https:\/\/tastingspain.socialypsum.com\/wp-content\/uploads\/2025\/02\/Excelencia-en-la-mesa.webp","type":"image\/webp"}],"twitter_card":"summary_large_image","twitter_site":"@SaboreaEspana","twitter_misc":{"Est. reading time":"1 minute"},"schema":{"@context":"https:\/\/schema.org","@graph":[{"@type":"WebPage","@id":"https:\/\/tastingspain.socialypsum.com\/en\/contact\/","url":"https:\/\/tastingspain.socialypsum.com\/en\/contact\/","name":"Contact - Saborea Espa\u00f1a","isPartOf":{"@id":"https:\/\/tastingspain.socialypsum.com\/#website"},"primaryImageOfPage":{"@id":"https:\/\/tastingspain.socialypsum.com\/en\/contact\/#primaryimage"},"image":{"@id":"https:\/\/tastingspain.socialypsum.com\/en\/contact\/#primaryimage"},"thumbnailUrl":"https:\/\/tastingspain.socialypsum.com\/wp-content\/uploads\/2025\/02\/Excelencia-en-la-mesa.webp","datePublished":"2025-01-24T12:16:23+00:00","dateModified":"2025-05-08T10:35:49+00:00","breadcrumb":{"@id":"https:\/\/tastingspain.socialypsum.com\/en\/contact\/#breadcrumb"},"inLanguage":"en-US","potentialAction":[{"@type":"ReadAction","target":["https:\/\/tastingspain.socialypsum.com\/en\/contact\/"]}]},{"@type":"ImageObject","inLanguage":"en-US","@id":"https:\/\/tastingspain.socialypsum.com\/en\/contact\/#primaryimage","url":"https:\/\/tastingspain.socialypsum.com\/wp-content\/uploads\/2025\/02\/Excelencia-en-la-mesa.webp","contentUrl":"https:\/\/tastingspain.socialypsum.com\/wp-content\/uploads\/2025\/02\/Excelencia-en-la-mesa.webp","width":1000,"height":757},{"@type":"BreadcrumbList","@id":"https:\/\/tastingspain.socialypsum.com\/en\/contact\/#breadcrumb","itemListElement":[{"@type":"ListItem","position":1,"name":"Portada","item":"https:\/\/tastingspain.socialypsum.com\/en\/inicio\/"},{"@type":"ListItem","position":2,"name":"Contact"}]},{"@type":"WebSite","@id":"https:\/\/tastingspain.socialypsum.com\/#website","url":"https:\/\/tastingspain.socialypsum.com\/","name":"Saborea Espa\u00f1a","description":"Saborea Espa\u00f1a es la marca del turismo gastron\u00f3mico espa\u00f1ol. Se trata de la primera plataforma nacional con vocaci\u00f3n internacional que potencia el turismo y la gastronom\u00eda de nuestro pa\u00eds.","publisher":{"@id":"https:\/\/tastingspain.socialypsum.com\/#organization"},"alternateName":"Tasting Spain","potentialAction":[{"@type":"SearchAction","target":{"@type":"EntryPoint","urlTemplate":"https:\/\/tastingspain.socialypsum.com\/?s={search_term_string}"},"query-input":{"@type":"PropertyValueSpecification","valueRequired":true,"valueName":"search_term_string"}}],"inLanguage":"en-US"},{"@type":"Organization","@id":"https:\/\/tastingspain.socialypsum.com\/#organization","name":"Saborea Espa\u00f1a","url":"https:\/\/tastingspain.socialypsum.com\/","logo":{"@type":"ImageObject","inLanguage":"en-US","@id":"https:\/\/tastingspain.socialypsum.com\/#\/schema\/logo\/image\/","url":"https:\/\/tastingspain.socialypsum.com\/wp-content\/uploads\/2025\/01\/cropped-saborea-espana-logo.png","contentUrl":"https:\/\/tastingspain.socialypsum.com\/wp-content\/uploads\/2025\/01\/cropped-saborea-espana-logo.png","width":222,"height":106,"caption":"Saborea Espa\u00f1a"},"image":{"@id":"https:\/\/tastingspain.socialypsum.com\/#\/schema\/logo\/image\/"},"sameAs":["https:\/\/www.facebook.com\/SaboreaEspana","https:\/\/x.com\/SaboreaEspana","https:\/\/www.instagram.com\/tastingspain\/","https:\/\/www.youtube.com\/@soytastingspain","https:\/\/www.linkedin.com\/company\/tastingspain","https:\/\/www.tiktok.com\/@tastingspain"]}]}},"_links":{"self":[{"href":"https:\/\/tastingspain.socialypsum.com\/en\/wp-json\/wp\/v2\/pages\/12456","targetHints":{"allow":["GET"]}}],"collection":[{"href":"https:\/\/tastingspain.socialypsum.com\/en\/wp-json\/wp\/v2\/pages"}],"about":[{"href":"https:\/\/tastingspain.socialypsum.com\/en\/wp-json\/wp\/v2\/types\/page"}],"author":[{"embeddable":true,"href":"https:\/\/tastingspain.socialypsum.com\/en\/wp-json\/wp\/v2\/users\/2"}],"replies":[{"embeddable":true,"href":"https:\/\/tastingspain.socialypsum.com\/en\/wp-json\/wp\/v2\/comments?post=12456"}],"version-history":[{"count":16,"href":"https:\/\/tastingspain.socialypsum.com\/en\/wp-json\/wp\/v2\/pages\/12456\/revisions"}],"predecessor-version":[{"id":14322,"href":"https:\/\/tastingspain.socialypsum.com\/en\/wp-json\/wp\/v2\/pages\/12456\/revisions\/14322"}],"wp:featuredmedia":[{"embeddable":true,"href":"https:\/\/tastingspain.socialypsum.com\/en\/wp-json\/wp\/v2\/media\/12500"}],"wp:attachment":[{"href":"https:\/\/tastingspain.socialypsum.com\/en\/wp-json\/wp\/v2\/media?parent=12456"}],"curies":[{"name":"wp","href":"https:\/\/api.w.org\/{rel}","templated":true}]}}