{"id":12424,"date":"2025-01-24T18:07:53","date_gmt":"2025-01-24T17:07:53","guid":{"rendered":"https:\/\/tastingspain.socialypsum.com\/junta-directiva\/"},"modified":"2025-05-09T15:22:48","modified_gmt":"2025-05-09T13:22:48","slug":"board-of-directors","status":"publish","type":"page","link":"https:\/\/tastingspain.socialypsum.com\/en\/board-of-directors\/","title":{"rendered":"Board of directors"},"content":{"rendered":"\t\t<div data-elementor-type=\"wp-page\" data-elementor-id=\"12424\" class=\"elementor elementor-12424 elementor-10774\">\n\t\t\t\t<div class=\"elementor-element elementor-element-a9358f7 e-flex e-con-boxed e-con e-parent\" data-id=\"a9358f7\" data-element_type=\"container\" data-e-type=\"container\">\n\t\t\t\t\t<div class=\"e-con-inner\">\n\t\t\t\t\t<\/div>\n\t\t\t\t<\/div>\n\t\t<div class=\"elementor-element elementor-element-49da2e5 e-flex e-con-boxed e-con e-parent\" data-id=\"49da2e5\" data-element_type=\"container\" data-e-type=\"container\">\n\t\t\t\t\t<div class=\"e-con-inner\">\n\t\t<div class=\"elementor-element elementor-element-41496ab e-con-full e-flex e-con e-child\" data-id=\"41496ab\" data-element_type=\"container\" data-e-type=\"container\">\n\t\t\t\t<div class=\"elementor-element elementor-element-1dc2573 red-title elementor-widget elementor-widget-heading\" data-id=\"1dc2573\" data-element_type=\"widget\" data-e-type=\"widget\" data-widget_type=\"heading.default\">\n\t\t\t\t<div class=\"elementor-widget-container\">\n\t\t\t\t\t<h2 class=\"elementor-heading-title elementor-size-default\">BOARD OF DIRECTORS SABOREA ESPA\u00d1A<\/h2>\t\t\t\t<\/div>\n\t\t\t\t<\/div>\n\t\t\t\t<\/div>\n\t\t<div class=\"elementor-element elementor-element-3b0ba12 e-con-full e-flex e-con e-child\" data-id=\"3b0ba12\" data-element_type=\"container\" data-e-type=\"container\">\n\t\t<div class=\"elementor-element elementor-element-6a09ecd e-con-full no-gap-flex e-flex e-con e-child\" data-id=\"6a09ecd\" data-element_type=\"container\" data-e-type=\"container\">\n\t\t\t\t<div class=\"elementor-element elementor-element-c9ec8b3 blue-sub-title elementor-widget elementor-widget-heading\" data-id=\"c9ec8b3\" data-element_type=\"widget\" data-e-type=\"widget\" data-widget_type=\"heading.default\">\n\t\t\t\t<div class=\"elementor-widget-container\">\n\t\t\t\t\t<h3 class=\"elementor-heading-title elementor-size-default\">Susi D\u00edaz<\/h3>\t\t\t\t<\/div>\n\t\t\t\t<\/div>\n\t\t\t\t<div class=\"elementor-element elementor-element-e0e2ce8 job-subtitle elementor-widget elementor-widget-heading\" data-id=\"e0e2ce8\" data-element_type=\"widget\" data-e-type=\"widget\" data-widget_type=\"heading.default\">\n\t\t\t\t<div class=\"elementor-widget-container\">\n\t\t\t\t\t<h5 class=\"elementor-heading-title elementor-size-default\">President<\/h5>\t\t\t\t<\/div>\n\t\t\t\t<\/div>\n\t\t\t\t<div class=\"elementor-element elementor-element-20439c1 elementor-widget elementor-widget-text-editor\" data-id=\"20439c1\" data-element_type=\"widget\" data-e-type=\"widget\" data-widget_type=\"text-editor.default\">\n\t\t\t\t<div class=\"elementor-widget-container\">\n\t\t\t\t\t\t\t\t\t<p>Euro-Toques<\/p>\t\t\t\t\t\t\t\t<\/div>\n\t\t\t\t<\/div>\n\t\t\t\t<\/div>\n\t\t<div class=\"elementor-element elementor-element-3f7047f e-con-full no-gap-flex e-flex e-con e-child\" data-id=\"3f7047f\" data-element_type=\"container\" data-e-type=\"container\">\n\t\t\t\t<div class=\"elementor-element elementor-element-2856ba6 blue-sub-title elementor-widget elementor-widget-heading\" data-id=\"2856ba6\" data-element_type=\"widget\" data-e-type=\"widget\" data-widget_type=\"heading.default\">\n\t\t\t\t<div class=\"elementor-widget-container\">\n\t\t\t\t\t<h3 class=\"elementor-heading-title elementor-size-default\">Jes\u00fas Julio Carnero<\/h3>\t\t\t\t<\/div>\n\t\t\t\t<\/div>\n\t\t\t\t<div class=\"elementor-element elementor-element-2627f86 job-subtitle elementor-widget elementor-widget-heading\" data-id=\"2627f86\" data-element_type=\"widget\" data-e-type=\"widget\" data-widget_type=\"heading.default\">\n\t\t\t\t<div class=\"elementor-widget-container\">\n\t\t\t\t\t<h5 class=\"elementor-heading-title elementor-size-default\">Vice President<\/h5>\t\t\t\t<\/div>\n\t\t\t\t<\/div>\n\t\t\t\t<div class=\"elementor-element elementor-element-9534153 elementor-widget elementor-widget-text-editor\" data-id=\"9534153\" data-element_type=\"widget\" data-e-type=\"widget\" data-widget_type=\"text-editor.default\">\n\t\t\t\t<div class=\"elementor-widget-container\">\n\t\t\t\t\t\t\t\t\t<p><i>Asociaci\u00f3n de Destinos Gastron\u00f3micos<\/i><\/p>\t\t\t\t\t\t\t\t<\/div>\n\t\t\t\t<\/div>\n\t\t\t\t<\/div>\n\t\t<div class=\"elementor-element elementor-element-af3a963 e-con-full no-gap-flex e-flex e-con e-child\" data-id=\"af3a963\" data-element_type=\"container\" data-e-type=\"container\">\n\t\t\t\t<div class=\"elementor-element elementor-element-661f76b blue-sub-title elementor-widget elementor-widget-heading\" data-id=\"661f76b\" data-element_type=\"widget\" data-e-type=\"widget\" data-widget_type=\"heading.default\">\n\t\t\t\t<div class=\"elementor-widget-container\">\n\t\t\t\t\t<h3 class=\"elementor-heading-title elementor-size-default\">Jose Lu\u00eds \u00c1LVAREZ Almeida<\/h3>\t\t\t\t<\/div>\n\t\t\t\t<\/div>\n\t\t\t\t<div class=\"elementor-element elementor-element-ecafa24 job-subtitle elementor-widget elementor-widget-heading\" data-id=\"ecafa24\" data-element_type=\"widget\" data-e-type=\"widget\" data-widget_type=\"heading.default\">\n\t\t\t\t<div class=\"elementor-widget-container\">\n\t\t\t\t\t<h5 class=\"elementor-heading-title elementor-size-default\">Vice President<\/h5>\t\t\t\t<\/div>\n\t\t\t\t<\/div>\n\t\t\t\t<div class=\"elementor-element elementor-element-01914f1 elementor-widget elementor-widget-text-editor\" data-id=\"01914f1\" data-element_type=\"widget\" data-e-type=\"widget\" data-widget_type=\"text-editor.default\">\n\t\t\t\t<div class=\"elementor-widget-container\">\n\t\t\t\t\t\t\t\t\t<p><i>Hosteler\u00eda de Espa\u00f1a<\/i><\/p>\t\t\t\t\t\t\t\t<\/div>\n\t\t\t\t<\/div>\n\t\t\t\t<\/div>\n\t\t\t\t<\/div>\n\t\t<div class=\"elementor-element elementor-element-5f6a3f1 e-con-full e-flex e-con e-child\" data-id=\"5f6a3f1\" data-element_type=\"container\" data-e-type=\"container\">\n\t\t<div class=\"elementor-element elementor-element-4cbf018 e-con-full no-gap-flex e-flex e-con e-child\" data-id=\"4cbf018\" data-element_type=\"container\" data-e-type=\"container\">\n\t\t\t\t<div class=\"elementor-element elementor-element-2135ee6 blue-sub-title elementor-widget elementor-widget-heading\" data-id=\"2135ee6\" data-element_type=\"widget\" data-e-type=\"widget\" data-widget_type=\"heading.default\">\n\t\t\t\t<div class=\"elementor-widget-container\">\n\t\t\t\t\t<h3 class=\"elementor-heading-title elementor-size-default\">Juan Betancort Coll<\/h3>\t\t\t\t<\/div>\n\t\t\t\t<\/div>\n\t\t\t\t<div class=\"elementor-element elementor-element-d751357 job-subtitle elementor-widget elementor-widget-heading\" data-id=\"d751357\" data-element_type=\"widget\" data-e-type=\"widget\" data-widget_type=\"heading.default\">\n\t\t\t\t<div class=\"elementor-widget-container\">\n\t\t\t\t\t<h5 class=\"elementor-heading-title elementor-size-default\">Treasurer<\/h5>\t\t\t\t<\/div>\n\t\t\t\t<\/div>\n\t\t\t\t<div class=\"elementor-element elementor-element-fb5f361 elementor-widget elementor-widget-text-editor\" data-id=\"fb5f361\" data-element_type=\"widget\" data-e-type=\"widget\" data-widget_type=\"text-editor.default\">\n\t\t\t\t<div class=\"elementor-widget-container\">\n\t\t\t\t\t\t\t\t\t<p data-prosemirror-content-type=\"node\" data-prosemirror-node-name=\"paragraph\" data-prosemirror-node-block=\"true\" data-pm-slice=\"1 1 []\">Asociaci\u00f3n de Destinos Gastron\u00f3micos<\/p>\t\t\t\t\t\t\t\t<\/div>\n\t\t\t\t<\/div>\n\t\t\t\t<\/div>\n\t\t<div class=\"elementor-element elementor-element-0f1f9c4 e-con-full no-gap-flex e-flex e-con e-child\" data-id=\"0f1f9c4\" data-element_type=\"container\" data-e-type=\"container\">\n\t\t\t\t<div class=\"elementor-element elementor-element-7e7e231 blue-sub-title elementor-widget elementor-widget-heading\" data-id=\"7e7e231\" data-element_type=\"widget\" data-e-type=\"widget\" data-widget_type=\"heading.default\">\n\t\t\t\t<div class=\"elementor-widget-container\">\n\t\t\t\t\t<h3 class=\"elementor-heading-title elementor-size-default\">Emilio Gallego<\/h3>\t\t\t\t<\/div>\n\t\t\t\t<\/div>\n\t\t\t\t<div class=\"elementor-element elementor-element-232b06a job-subtitle elementor-widget elementor-widget-heading\" data-id=\"232b06a\" data-element_type=\"widget\" data-e-type=\"widget\" data-widget_type=\"heading.default\">\n\t\t\t\t<div class=\"elementor-widget-container\">\n\t\t\t\t\t<h5 class=\"elementor-heading-title elementor-size-default\">Secretary<\/h5>\t\t\t\t<\/div>\n\t\t\t\t<\/div>\n\t\t\t\t<div class=\"elementor-element elementor-element-f3b2dd5 elementor-widget elementor-widget-text-editor\" data-id=\"f3b2dd5\" data-element_type=\"widget\" data-e-type=\"widget\" data-widget_type=\"text-editor.default\">\n\t\t\t\t<div class=\"elementor-widget-container\">\n\t\t\t\t\t\t\t\t\t<p><i>Hosteler\u00eda de Espa\u00f1a<\/i><\/p>\t\t\t\t\t\t\t\t<\/div>\n\t\t\t\t<\/div>\n\t\t\t\t<\/div>\n\t\t<div class=\"elementor-element elementor-element-6776dd6 e-con-full no-gap-flex e-flex e-con e-child\" data-id=\"6776dd6\" data-element_type=\"container\" data-e-type=\"container\">\n\t\t\t\t<div class=\"elementor-element elementor-element-0f1dbb3 blue-sub-title elementor-widget elementor-widget-heading\" data-id=\"0f1dbb3\" data-element_type=\"widget\" data-e-type=\"widget\" data-widget_type=\"heading.default\">\n\t\t\t\t<div class=\"elementor-widget-container\">\n\t\t\t\t\t<h3 class=\"elementor-heading-title elementor-size-default\">Oswaldo Betancort<\/h3>\t\t\t\t<\/div>\n\t\t\t\t<\/div>\n\t\t\t\t<div class=\"elementor-element elementor-element-e008a11 job-subtitle elementor-widget elementor-widget-heading\" data-id=\"e008a11\" data-element_type=\"widget\" data-e-type=\"widget\" data-widget_type=\"heading.default\">\n\t\t\t\t<div class=\"elementor-widget-container\">\n\t\t\t\t\t<h5 class=\"elementor-heading-title elementor-size-default\">Council Member<\/h5>\t\t\t\t<\/div>\n\t\t\t\t<\/div>\n\t\t\t\t<div class=\"elementor-element elementor-element-8caadec elementor-widget elementor-widget-text-editor\" data-id=\"8caadec\" data-element_type=\"widget\" data-e-type=\"widget\" data-widget_type=\"text-editor.default\">\n\t\t\t\t<div class=\"elementor-widget-container\">\n\t\t\t\t\t\t\t\t\t<p><i>Asociaci\u00f3n de Destinos Gastron\u00f3micos<\/i><\/p>\t\t\t\t\t\t\t\t<\/div>\n\t\t\t\t<\/div>\n\t\t\t\t<\/div>\n\t\t\t\t<\/div>\n\t\t<div class=\"elementor-element elementor-element-95ceeac e-con-full e-flex e-con e-child\" data-id=\"95ceeac\" data-element_type=\"container\" data-e-type=\"container\">\n\t\t<div class=\"elementor-element elementor-element-9a1ede3 e-con-full no-gap-flex e-flex e-con e-child\" data-id=\"9a1ede3\" data-element_type=\"container\" data-e-type=\"container\">\n\t\t\t\t<div class=\"elementor-element elementor-element-b2df917 blue-sub-title elementor-widget elementor-widget-heading\" data-id=\"b2df917\" data-element_type=\"widget\" data-e-type=\"widget\" data-widget_type=\"heading.default\">\n\t\t\t\t<div class=\"elementor-widget-container\">\n\t\t\t\t\t<h3 class=\"elementor-heading-title elementor-size-default\">Mayre Modrego<\/h3>\t\t\t\t<\/div>\n\t\t\t\t<\/div>\n\t\t\t\t<div class=\"elementor-element elementor-element-75d95ab job-subtitle elementor-widget elementor-widget-heading\" data-id=\"75d95ab\" data-element_type=\"widget\" data-e-type=\"widget\" data-widget_type=\"heading.default\">\n\t\t\t\t<div class=\"elementor-widget-container\">\n\t\t\t\t\t<h5 class=\"elementor-heading-title elementor-size-default\">Council Member<\/h5>\t\t\t\t<\/div>\n\t\t\t\t<\/div>\n\t\t\t\t<div class=\"elementor-element elementor-element-7ddd777 elementor-widget elementor-widget-text-editor\" data-id=\"7ddd777\" data-element_type=\"widget\" data-e-type=\"widget\" data-widget_type=\"text-editor.default\">\n\t\t\t\t<div class=\"elementor-widget-container\">\n\t\t\t\t\t\t\t\t\t<p><i>Euro-Toques<\/i><\/p>\t\t\t\t\t\t\t\t<\/div>\n\t\t\t\t<\/div>\n\t\t\t\t<\/div>\n\t\t<div class=\"elementor-element elementor-element-80186d1 e-con-full no-gap-flex e-flex e-con e-child\" data-id=\"80186d1\" data-element_type=\"container\" data-e-type=\"container\">\n\t\t\t\t<div class=\"elementor-element elementor-element-6c879b2 blue-sub-title elementor-widget elementor-widget-heading\" data-id=\"6c879b2\" data-element_type=\"widget\" data-e-type=\"widget\" data-widget_type=\"heading.default\">\n\t\t\t\t<div class=\"elementor-widget-container\">\n\t\t\t\t\t<h3 class=\"elementor-heading-title elementor-size-default\">Alfonso Silva<\/h3>\t\t\t\t<\/div>\n\t\t\t\t<\/div>\n\t\t\t\t<div class=\"elementor-element elementor-element-05bcd1d job-subtitle elementor-widget elementor-widget-heading\" data-id=\"05bcd1d\" data-element_type=\"widget\" data-e-type=\"widget\" data-widget_type=\"heading.default\">\n\t\t\t\t<div class=\"elementor-widget-container\">\n\t\t\t\t\t<h5 class=\"elementor-heading-title elementor-size-default\">Council Member<\/h5>\t\t\t\t<\/div>\n\t\t\t\t<\/div>\n\t\t\t\t<div class=\"elementor-element elementor-element-d8af116 elementor-widget elementor-widget-text-editor\" data-id=\"d8af116\" data-element_type=\"widget\" data-e-type=\"widget\" data-widget_type=\"text-editor.default\">\n\t\t\t\t<div class=\"elementor-widget-container\">\n\t\t\t\t\t\t\t\t\t<p><i>Hosteler\u00eda de Espa\u00f1a<\/i><\/p>\t\t\t\t\t\t\t\t<\/div>\n\t\t\t\t<\/div>\n\t\t\t\t<\/div>\n\t\t<div class=\"elementor-element elementor-element-43af713 e-con-full no-gap-flex e-flex e-con e-child\" data-id=\"43af713\" data-element_type=\"container\" data-e-type=\"container\">\n\t\t\t\t<div class=\"elementor-element elementor-element-a462807 blue-sub-title elementor-widget elementor-widget-heading\" data-id=\"a462807\" data-element_type=\"widget\" data-e-type=\"widget\" data-widget_type=\"heading.default\">\n\t\t\t\t<div class=\"elementor-widget-container\">\n\t\t\t\t\t<h3 class=\"elementor-heading-title elementor-size-default\">Pepa Mu\u00f1oz<\/h3>\t\t\t\t<\/div>\n\t\t\t\t<\/div>\n\t\t\t\t<div class=\"elementor-element elementor-element-6b72031 job-subtitle elementor-widget elementor-widget-heading\" data-id=\"6b72031\" data-element_type=\"widget\" data-e-type=\"widget\" data-widget_type=\"heading.default\">\n\t\t\t\t<div class=\"elementor-widget-container\">\n\t\t\t\t\t<h5 class=\"elementor-heading-title elementor-size-default\">Council Member<\/h5>\t\t\t\t<\/div>\n\t\t\t\t<\/div>\n\t\t\t\t<div class=\"elementor-element elementor-element-3420b5f elementor-widget elementor-widget-text-editor\" data-id=\"3420b5f\" data-element_type=\"widget\" data-e-type=\"widget\" data-widget_type=\"text-editor.default\">\n\t\t\t\t<div class=\"elementor-widget-container\">\n\t\t\t\t\t\t\t\t\t<p data-prosemirror-content-type=\"node\" data-prosemirror-node-name=\"paragraph\" data-prosemirror-node-block=\"true\" data-pm-slice=\"1 1 []\"><em>Facyre<\/em><\/p>\t\t\t\t\t\t\t\t<\/div>\n\t\t\t\t<\/div>\n\t\t\t\t<\/div>\n\t\t\t\t<\/div>\n\t\t\t\t\t<\/div>\n\t\t\t\t<\/div>\n\t\t<div class=\"elementor-element elementor-element-79529c11 profile-section e-flex e-con-boxed e-con e-parent\" data-id=\"79529c11\" data-element_type=\"container\" data-e-type=\"container\" data-settings=\"{&quot;background_background&quot;:&quot;classic&quot;}\">\n\t\t\t\t\t<div class=\"e-con-inner\">\n\t\t<div class=\"elementor-element elementor-element-36090fd9 e-con-full e-flex e-con e-child\" data-id=\"36090fd9\" data-element_type=\"container\" data-e-type=\"container\">\n\t\t\t\t<div class=\"elementor-element elementor-element-640ea6fc red-title elementor-widget elementor-widget-heading\" data-id=\"640ea6fc\" data-element_type=\"widget\" data-e-type=\"widget\" data-widget_type=\"heading.default\">\n\t\t\t\t<div class=\"elementor-widget-container\">\n\t\t\t\t\t<h2 class=\"elementor-heading-title elementor-size-default\">CONTRACTOR PROFILE<\/h2>\t\t\t\t<\/div>\n\t\t\t\t<\/div>\n\t\t\t\t<\/div>\n\t\t<div class=\"elementor-element elementor-element-97bea65 e-con-full no-gap-flex e-flex e-con e-child\" data-id=\"97bea65\" data-element_type=\"container\" data-e-type=\"container\">\n\t\t\t\t<div class=\"elementor-element elementor-element-5d3dde9 blue-sub-title elementor-widget elementor-widget-heading\" data-id=\"5d3dde9\" data-element_type=\"widget\" data-e-type=\"widget\" data-widget_type=\"heading.default\">\n\t\t\t\t<div class=\"elementor-widget-container\">\n\t\t\t\t\t<h3 class=\"elementor-heading-title elementor-size-default\">There are currently no open proceedings<\/h3>\t\t\t\t<\/div>\n\t\t\t\t<\/div>\n\t\t\t\t<\/div>\n\t\t\t\t\t<\/div>\n\t\t\t\t<\/div>\n\t\t\t\t<\/div>\n\t\t","protected":false},"excerpt":{"rendered":"<p>BOARD OF DIRECTORS SABOREA ESPA\u00d1A Susi D\u00edaz President Euro-Toques Jes\u00fas Julio Carnero Vice President Asociaci\u00f3n de Destinos Gastron\u00f3micos Jose Lu\u00eds \u00c1LVAREZ Almeida Vice President Hosteler\u00eda de Espa\u00f1a Juan Betancort Coll Treasurer Asociaci\u00f3n de Destinos Gastron\u00f3micos Emilio Gallego Secretary Hosteler\u00eda de Espa\u00f1a Oswaldo Betancort Council Member Asociaci\u00f3n de Destinos Gastron\u00f3micos Mayre Modrego Council Member Euro-Toques Alfonso &hellip; <\/p>\n","protected":false},"author":2,"featured_media":0,"parent":0,"menu_order":0,"comment_status":"closed","ping_status":"closed","template":"elementor_header_footer","meta":{"footnotes":""},"categories":[],"class_list":["post-12424","page","type-page","status-publish","hentry"],"yoast_head":"<!-- This site is optimized with the Yoast SEO plugin v25.0 - https:\/\/yoast.com\/wordpress\/plugins\/seo\/ -->\n<title>Board of directors - Saborea Espa\u00f1a<\/title>\n<meta name=\"robots\" content=\"index, follow, max-snippet:-1, max-image-preview:large, max-video-preview:-1\" \/>\n<link rel=\"canonical\" href=\"https:\/\/tastingspain.socialypsum.com\/en\/board-of-directors\/\" \/>\n<meta property=\"og:locale\" content=\"en_US\" \/>\n<meta property=\"og:type\" content=\"article\" \/>\n<meta property=\"og:title\" content=\"Board of directors - Saborea Espa\u00f1a\" \/>\n<meta property=\"og:description\" content=\"BOARD OF DIRECTORS SABOREA ESPA\u00d1A Susi D\u00edaz President Euro-Toques Jes\u00fas Julio Carnero Vice President Asociaci\u00f3n de Destinos Gastron\u00f3micos Jose Lu\u00eds \u00c1LVAREZ Almeida Vice President Hosteler\u00eda de Espa\u00f1a Juan Betancort Coll Treasurer Asociaci\u00f3n de Destinos Gastron\u00f3micos Emilio Gallego Secretary Hosteler\u00eda de Espa\u00f1a Oswaldo Betancort Council Member Asociaci\u00f3n de Destinos Gastron\u00f3micos Mayre Modrego Council Member Euro-Toques Alfonso &hellip;\" \/>\n<meta property=\"og:url\" content=\"https:\/\/tastingspain.socialypsum.com\/en\/board-of-directors\/\" \/>\n<meta property=\"og:site_name\" content=\"Saborea Espa\u00f1a\" \/>\n<meta property=\"article:publisher\" content=\"https:\/\/www.facebook.com\/SaboreaEspana\" \/>\n<meta property=\"article:modified_time\" content=\"2025-05-09T13:22:48+00:00\" \/>\n<meta property=\"og:image\" content=\"https:\/\/tastingspain.socialypsum.com\/wp-content\/uploads\/2025\/01\/saborea-espana-logo.png\" \/>\n\t<meta property=\"og:image:width\" content=\"222\" \/>\n\t<meta property=\"og:image:height\" content=\"106\" \/>\n\t<meta property=\"og:image:type\" content=\"image\/png\" \/>\n<meta name=\"twitter:card\" content=\"summary_large_image\" \/>\n<meta name=\"twitter:site\" content=\"@SaboreaEspana\" \/>\n<script type=\"application\/ld+json\" class=\"yoast-schema-graph\">{\"@context\":\"https:\/\/schema.org\",\"@graph\":[{\"@type\":\"WebPage\",\"@id\":\"https:\/\/tastingspain.socialypsum.com\/en\/board-of-directors\/\",\"url\":\"https:\/\/tastingspain.socialypsum.com\/en\/board-of-directors\/\",\"name\":\"Board of directors - Saborea Espa\u00f1a\",\"isPartOf\":{\"@id\":\"https:\/\/tastingspain.socialypsum.com\/#website\"},\"datePublished\":\"2025-01-24T17:07:53+00:00\",\"dateModified\":\"2025-05-09T13:22:48+00:00\",\"breadcrumb\":{\"@id\":\"https:\/\/tastingspain.socialypsum.com\/en\/board-of-directors\/#breadcrumb\"},\"inLanguage\":\"en-US\",\"potentialAction\":[{\"@type\":\"ReadAction\",\"target\":[\"https:\/\/tastingspain.socialypsum.com\/en\/board-of-directors\/\"]}]},{\"@type\":\"BreadcrumbList\",\"@id\":\"https:\/\/tastingspain.socialypsum.com\/en\/board-of-directors\/#breadcrumb\",\"itemListElement\":[{\"@type\":\"ListItem\",\"position\":1,\"name\":\"Portada\",\"item\":\"https:\/\/tastingspain.socialypsum.com\/en\/inicio\/\"},{\"@type\":\"ListItem\",\"position\":2,\"name\":\"Board of directors\"}]},{\"@type\":\"WebSite\",\"@id\":\"https:\/\/tastingspain.socialypsum.com\/#website\",\"url\":\"https:\/\/tastingspain.socialypsum.com\/\",\"name\":\"Saborea Espa\u00f1a\",\"description\":\"Saborea Espa\u00f1a es la marca del turismo gastron\u00f3mico espa\u00f1ol. Se trata de la primera plataforma nacional con vocaci\u00f3n internacional que potencia el turismo y la gastronom\u00eda de nuestro pa\u00eds.\",\"publisher\":{\"@id\":\"https:\/\/tastingspain.socialypsum.com\/#organization\"},\"alternateName\":\"Tasting Spain\",\"potentialAction\":[{\"@type\":\"SearchAction\",\"target\":{\"@type\":\"EntryPoint\",\"urlTemplate\":\"https:\/\/tastingspain.socialypsum.com\/?s={search_term_string}\"},\"query-input\":{\"@type\":\"PropertyValueSpecification\",\"valueRequired\":true,\"valueName\":\"search_term_string\"}}],\"inLanguage\":\"en-US\"},{\"@type\":\"Organization\",\"@id\":\"https:\/\/tastingspain.socialypsum.com\/#organization\",\"name\":\"Saborea Espa\u00f1a\",\"url\":\"https:\/\/tastingspain.socialypsum.com\/\",\"logo\":{\"@type\":\"ImageObject\",\"inLanguage\":\"en-US\",\"@id\":\"https:\/\/tastingspain.socialypsum.com\/#\/schema\/logo\/image\/\",\"url\":\"https:\/\/tastingspain.socialypsum.com\/wp-content\/uploads\/2025\/01\/cropped-saborea-espana-logo.png\",\"contentUrl\":\"https:\/\/tastingspain.socialypsum.com\/wp-content\/uploads\/2025\/01\/cropped-saborea-espana-logo.png\",\"width\":222,\"height\":106,\"caption\":\"Saborea Espa\u00f1a\"},\"image\":{\"@id\":\"https:\/\/tastingspain.socialypsum.com\/#\/schema\/logo\/image\/\"},\"sameAs\":[\"https:\/\/www.facebook.com\/SaboreaEspana\",\"https:\/\/x.com\/SaboreaEspana\",\"https:\/\/www.instagram.com\/tastingspain\/\",\"https:\/\/www.youtube.com\/@soytastingspain\",\"https:\/\/www.linkedin.com\/company\/tastingspain\",\"https:\/\/www.tiktok.com\/@tastingspain\"]}]}<\/script>\n<!-- \/ Yoast SEO plugin. -->","yoast_head_json":{"title":"Board of directors - Saborea Espa\u00f1a","robots":{"index":"index","follow":"follow","max-snippet":"max-snippet:-1","max-image-preview":"max-image-preview:large","max-video-preview":"max-video-preview:-1"},"canonical":"https:\/\/tastingspain.socialypsum.com\/en\/board-of-directors\/","og_locale":"en_US","og_type":"article","og_title":"Board of directors - Saborea Espa\u00f1a","og_description":"BOARD OF DIRECTORS SABOREA ESPA\u00d1A Susi D\u00edaz President Euro-Toques Jes\u00fas Julio Carnero Vice President Asociaci\u00f3n de Destinos Gastron\u00f3micos Jose Lu\u00eds \u00c1LVAREZ Almeida Vice President Hosteler\u00eda de Espa\u00f1a Juan Betancort Coll Treasurer Asociaci\u00f3n de Destinos Gastron\u00f3micos Emilio Gallego Secretary Hosteler\u00eda de Espa\u00f1a Oswaldo Betancort Council Member Asociaci\u00f3n de Destinos Gastron\u00f3micos Mayre Modrego Council Member Euro-Toques Alfonso &hellip;","og_url":"https:\/\/tastingspain.socialypsum.com\/en\/board-of-directors\/","og_site_name":"Saborea Espa\u00f1a","article_publisher":"https:\/\/www.facebook.com\/SaboreaEspana","article_modified_time":"2025-05-09T13:22:48+00:00","og_image":[{"width":222,"height":106,"url":"https:\/\/tastingspain.socialypsum.com\/wp-content\/uploads\/2025\/01\/saborea-espana-logo.png","type":"image\/png"}],"twitter_card":"summary_large_image","twitter_site":"@SaboreaEspana","schema":{"@context":"https:\/\/schema.org","@graph":[{"@type":"WebPage","@id":"https:\/\/tastingspain.socialypsum.com\/en\/board-of-directors\/","url":"https:\/\/tastingspain.socialypsum.com\/en\/board-of-directors\/","name":"Board of directors - Saborea Espa\u00f1a","isPartOf":{"@id":"https:\/\/tastingspain.socialypsum.com\/#website"},"datePublished":"2025-01-24T17:07:53+00:00","dateModified":"2025-05-09T13:22:48+00:00","breadcrumb":{"@id":"https:\/\/tastingspain.socialypsum.com\/en\/board-of-directors\/#breadcrumb"},"inLanguage":"en-US","potentialAction":[{"@type":"ReadAction","target":["https:\/\/tastingspain.socialypsum.com\/en\/board-of-directors\/"]}]},{"@type":"BreadcrumbList","@id":"https:\/\/tastingspain.socialypsum.com\/en\/board-of-directors\/#breadcrumb","itemListElement":[{"@type":"ListItem","position":1,"name":"Portada","item":"https:\/\/tastingspain.socialypsum.com\/en\/inicio\/"},{"@type":"ListItem","position":2,"name":"Board of directors"}]},{"@type":"WebSite","@id":"https:\/\/tastingspain.socialypsum.com\/#website","url":"https:\/\/tastingspain.socialypsum.com\/","name":"Saborea Espa\u00f1a","description":"Saborea Espa\u00f1a es la marca del turismo gastron\u00f3mico espa\u00f1ol. Se trata de la primera plataforma nacional con vocaci\u00f3n internacional que potencia el turismo y la gastronom\u00eda de nuestro pa\u00eds.","publisher":{"@id":"https:\/\/tastingspain.socialypsum.com\/#organization"},"alternateName":"Tasting Spain","potentialAction":[{"@type":"SearchAction","target":{"@type":"EntryPoint","urlTemplate":"https:\/\/tastingspain.socialypsum.com\/?s={search_term_string}"},"query-input":{"@type":"PropertyValueSpecification","valueRequired":true,"valueName":"search_term_string"}}],"inLanguage":"en-US"},{"@type":"Organization","@id":"https:\/\/tastingspain.socialypsum.com\/#organization","name":"Saborea Espa\u00f1a","url":"https:\/\/tastingspain.socialypsum.com\/","logo":{"@type":"ImageObject","inLanguage":"en-US","@id":"https:\/\/tastingspain.socialypsum.com\/#\/schema\/logo\/image\/","url":"https:\/\/tastingspain.socialypsum.com\/wp-content\/uploads\/2025\/01\/cropped-saborea-espana-logo.png","contentUrl":"https:\/\/tastingspain.socialypsum.com\/wp-content\/uploads\/2025\/01\/cropped-saborea-espana-logo.png","width":222,"height":106,"caption":"Saborea Espa\u00f1a"},"image":{"@id":"https:\/\/tastingspain.socialypsum.com\/#\/schema\/logo\/image\/"},"sameAs":["https:\/\/www.facebook.com\/SaboreaEspana","https:\/\/x.com\/SaboreaEspana","https:\/\/www.instagram.com\/tastingspain\/","https:\/\/www.youtube.com\/@soytastingspain","https:\/\/www.linkedin.com\/company\/tastingspain","https:\/\/www.tiktok.com\/@tastingspain"]}]}},"_links":{"self":[{"href":"https:\/\/tastingspain.socialypsum.com\/en\/wp-json\/wp\/v2\/pages\/12424","targetHints":{"allow":["GET"]}}],"collection":[{"href":"https:\/\/tastingspain.socialypsum.com\/en\/wp-json\/wp\/v2\/pages"}],"about":[{"href":"https:\/\/tastingspain.socialypsum.com\/en\/wp-json\/wp\/v2\/types\/page"}],"author":[{"embeddable":true,"href":"https:\/\/tastingspain.socialypsum.com\/en\/wp-json\/wp\/v2\/users\/2"}],"replies":[{"embeddable":true,"href":"https:\/\/tastingspain.socialypsum.com\/en\/wp-json\/wp\/v2\/comments?post=12424"}],"version-history":[{"count":30,"href":"https:\/\/tastingspain.socialypsum.com\/en\/wp-json\/wp\/v2\/pages\/12424\/revisions"}],"predecessor-version":[{"id":14413,"href":"https:\/\/tastingspain.socialypsum.com\/en\/wp-json\/wp\/v2\/pages\/12424\/revisions\/14413"}],"wp:attachment":[{"href":"https:\/\/tastingspain.socialypsum.com\/en\/wp-json\/wp\/v2\/media?parent=12424"}],"wp:term":[{"taxonomy":"category","embeddable":true,"href":"https:\/\/tastingspain.socialypsum.com\/en\/wp-json\/wp\/v2\/categories?post=12424"}],"curies":[{"name":"wp","href":"https:\/\/api.w.org\/{rel}","templated":true}]}}